{"id":46,"date":"2023-12-05T09:06:24","date_gmt":"2023-12-05T09:06:24","guid":{"rendered":"http:\/\/kompac.pl\/?page_id=46"},"modified":"2023-12-19T12:34:40","modified_gmt":"2023-12-19T12:34:40","slug":"zadania-specjalne","status":"publish","type":"page","link":"https:\/\/kompac.pl\/index.php\/zadania-specjalne\/","title":{"rendered":"Zadania specjalne"},"content":{"rendered":"\n<div class=\"wp-block-group alignwide is-layout-flow wp-block-group-is-layout-flow\">\n<p style=\"text-transform:uppercase\"><\/p>\n<\/div>\n\n\n\n<div class=\"wp-block-query alignwide is-layout-constrained wp-block-query-is-layout-constrained\"><ul class=\"columns-3 alignwide wp-block-post-template is-layout-grid wp-container-core-post-template-is-layout-6d3fbd8f wp-block-post-template-is-layout-grid\"><li class=\"wp-block-post post-138 post type-post status-publish format-standard has-post-thumbnail hentry category-kompac-team\">\n<figure style=\"width:100%;height:318px;\" class=\"wp-block-post-featured-image\"><a href=\"https:\/\/kompac.pl\/index.php\/2023\/12\/19\/wesolych-swiat\/\" target=\"_self\"  style=\"height:318px\"><img loading=\"lazy\" decoding=\"async\" width=\"1474\" height=\"1472\" src=\"https:\/\/kompac.pl\/wp-content\/uploads\/2023\/12\/1702826818845.jpg\" class=\"attachment-post-thumbnail size-post-thumbnail wp-post-image\" alt=\"Weso\u0142ych \u015awi\u0105t!\" style=\"height:318px;object-fit:cover;\" srcset=\"https:\/\/kompac.pl\/wp-content\/uploads\/2023\/12\/1702826818845.jpg 1474w, https:\/\/kompac.pl\/wp-content\/uploads\/2023\/12\/1702826818845-300x300.jpg 300w, https:\/\/kompac.pl\/wp-content\/uploads\/2023\/12\/1702826818845-1024x1024.jpg 1024w, https:\/\/kompac.pl\/wp-content\/uploads\/2023\/12\/1702826818845-150x150.jpg 150w, https:\/\/kompac.pl\/wp-content\/uploads\/2023\/12\/1702826818845-768x767.jpg 768w\" sizes=\"auto, (max-width: 1474px) 100vw, 1474px\" \/><\/a><\/figure>\n\n<h2 class=\"wp-block-post-title has-large-font-size\"><a href=\"https:\/\/kompac.pl\/index.php\/2023\/12\/19\/wesolych-swiat\/\" target=\"_self\" >Weso\u0142ych \u015awi\u0105t!<\/a><\/h2>\n\n<div style=\"font-size:1.55rem;line-height:1.6;\" class=\"wp-block-post-excerpt\"><p class=\"wp-block-post-excerpt__excerpt\">Wszystkiego najlepszego \ud83d\ude42 <\/p><\/div>\n\n<div class=\"wp-block-post-date has-small-font-size\"><time datetime=\"2023-12-19T12:19:31+00:00\"><a href=\"https:\/\/kompac.pl\/index.php\/2023\/12\/19\/wesolych-swiat\/\">19 grudnia, 2023<\/a><\/time><\/div>\n<\/li><li class=\"wp-block-post post-68 post type-post status-publish format-standard has-post-thumbnail hentry category-zadania-specjalne\">\n<figure style=\"width:100%;height:318px;\" class=\"wp-block-post-featured-image\"><a href=\"https:\/\/kompac.pl\/index.php\/2023\/12\/05\/walczymy\/\" target=\"_self\"  style=\"height:318px\"><img loading=\"lazy\" decoding=\"async\" width=\"1256\" height=\"743\" src=\"https:\/\/kompac.pl\/wp-content\/uploads\/2023\/12\/371430129_2354918328049799_4070685577818813423_small.jpg\" class=\"attachment-post-thumbnail size-post-thumbnail wp-post-image\" alt=\"Walczymy\" style=\"height:318px;object-fit:cover;\" srcset=\"https:\/\/kompac.pl\/wp-content\/uploads\/2023\/12\/371430129_2354918328049799_4070685577818813423_small.jpg 1256w, https:\/\/kompac.pl\/wp-content\/uploads\/2023\/12\/371430129_2354918328049799_4070685577818813423_small-300x177.jpg 300w, https:\/\/kompac.pl\/wp-content\/uploads\/2023\/12\/371430129_2354918328049799_4070685577818813423_small-1024x606.jpg 1024w, https:\/\/kompac.pl\/wp-content\/uploads\/2023\/12\/371430129_2354918328049799_4070685577818813423_small-768x454.jpg 768w\" sizes=\"auto, (max-width: 1256px) 100vw, 1256px\" \/><\/a><\/figure>\n\n<h2 class=\"wp-block-post-title has-large-font-size\"><a href=\"https:\/\/kompac.pl\/index.php\/2023\/12\/05\/walczymy\/\" target=\"_self\" >Walczymy<\/a><\/h2>\n\n<div style=\"font-size:1.55rem;line-height:1.6;\" class=\"wp-block-post-excerpt\"><p class=\"wp-block-post-excerpt__excerpt\">Kto jak nie my \ud83d\ude09 <\/p><\/div>\n\n<div class=\"wp-block-post-date has-small-font-size\"><time datetime=\"2023-12-05T11:24:31+00:00\"><a href=\"https:\/\/kompac.pl\/index.php\/2023\/12\/05\/walczymy\/\">5 grudnia, 2023<\/a><\/time><\/div>\n<\/li><li class=\"wp-block-post post-1 post type-post status-publish format-standard has-post-thumbnail hentry category-podroze\">\n<figure style=\"width:100%;height:318px;\" class=\"wp-block-post-featured-image\"><a href=\"https:\/\/kompac.pl\/index.php\/2023\/09\/15\/witaj-mont-blanc\/\" target=\"_self\"  style=\"height:318px\"><img loading=\"lazy\" decoding=\"async\" width=\"1920\" height=\"2099\" src=\"https:\/\/kompac.pl\/wp-content\/uploads\/2023\/09\/1702827450786-scaled-e1702982070323.jpg\" class=\"attachment-post-thumbnail size-post-thumbnail wp-post-image\" alt=\"Witaj Mont Blanc!\" style=\"height:318px;object-fit:cover;\" srcset=\"https:\/\/kompac.pl\/wp-content\/uploads\/2023\/09\/1702827450786-scaled-e1702982070323.jpg 1920w, https:\/\/kompac.pl\/wp-content\/uploads\/2023\/09\/1702827450786-scaled-e1702982070323-274x300.jpg 274w, https:\/\/kompac.pl\/wp-content\/uploads\/2023\/09\/1702827450786-scaled-e1702982070323-937x1024.jpg 937w, https:\/\/kompac.pl\/wp-content\/uploads\/2023\/09\/1702827450786-scaled-e1702982070323-768x840.jpg 768w, https:\/\/kompac.pl\/wp-content\/uploads\/2023\/09\/1702827450786-scaled-e1702982070323-1405x1536.jpg 1405w, https:\/\/kompac.pl\/wp-content\/uploads\/2023\/09\/1702827450786-scaled-e1702982070323-1873x2048.jpg 1873w\" sizes=\"auto, (max-width: 1920px) 100vw, 1920px\" \/><\/a><\/figure>\n\n<h2 class=\"wp-block-post-title has-large-font-size\"><a href=\"https:\/\/kompac.pl\/index.php\/2023\/09\/15\/witaj-mont-blanc\/\" target=\"_self\" >Witaj Mont Blanc!<\/a><\/h2>\n\n<div style=\"font-size:1.55rem;line-height:1.6;\" class=\"wp-block-post-excerpt\"><p class=\"wp-block-post-excerpt__excerpt\">Dla nas nie ma rzeczy niemo\u017cliwych!!! <\/p><\/div>\n\n<div class=\"wp-block-post-date has-small-font-size\"><time datetime=\"2023-09-15T13:42:22+00:00\"><a href=\"https:\/\/kompac.pl\/index.php\/2023\/09\/15\/witaj-mont-blanc\/\">15 wrze\u015bnia, 2023<\/a><\/time><\/div>\n<\/li><li class=\"wp-block-post post-142 post type-post status-publish format-standard has-post-thumbnail hentry category-podroze\">\n<figure style=\"width:100%;height:318px;\" class=\"wp-block-post-featured-image\"><a href=\"https:\/\/kompac.pl\/index.php\/2023\/08\/30\/wakacyjne-podboje\/\" target=\"_self\"  style=\"height:318px\"><img loading=\"lazy\" decoding=\"async\" width=\"1381\" height=\"1188\" src=\"https:\/\/kompac.pl\/wp-content\/uploads\/2023\/12\/1702827172336.jpg\" class=\"attachment-post-thumbnail size-post-thumbnail wp-post-image\" alt=\"Wakacyjne podboje\" style=\"height:318px;object-fit:cover;\" srcset=\"https:\/\/kompac.pl\/wp-content\/uploads\/2023\/12\/1702827172336.jpg 1381w, https:\/\/kompac.pl\/wp-content\/uploads\/2023\/12\/1702827172336-300x258.jpg 300w, https:\/\/kompac.pl\/wp-content\/uploads\/2023\/12\/1702827172336-1024x881.jpg 1024w, https:\/\/kompac.pl\/wp-content\/uploads\/2023\/12\/1702827172336-768x661.jpg 768w\" sizes=\"auto, (max-width: 1381px) 100vw, 1381px\" \/><\/a><\/figure>\n\n<h2 class=\"wp-block-post-title has-large-font-size\"><a href=\"https:\/\/kompac.pl\/index.php\/2023\/08\/30\/wakacyjne-podboje\/\" target=\"_self\" >Wakacyjne podboje<\/a><\/h2>\n\n<div style=\"font-size:1.55rem;line-height:1.6;\" class=\"wp-block-post-excerpt\"><p class=\"wp-block-post-excerpt__excerpt\"> <\/p><\/div>\n\n<div class=\"wp-block-post-date has-small-font-size\"><time datetime=\"2023-08-30T12:26:11+00:00\"><a href=\"https:\/\/kompac.pl\/index.php\/2023\/08\/30\/wakacyjne-podboje\/\">30 sierpnia, 2023<\/a><\/time><\/div>\n<\/li><\/ul>\n\n\n<hr class=\"wp-block-separator has-css-opacity alignwide is-style-wide\"\/>\n\n\n<\/div>\n","protected":false},"excerpt":{"rendered":"","protected":false},"author":1,"featured_media":0,"parent":0,"menu_order":0,"comment_status":"closed","ping_status":"closed","template":"","meta":{"footnotes":""},"class_list":["post-46","page","type-page","status-publish","hentry"],"_links":{"self":[{"href":"https:\/\/kompac.pl\/index.php\/wp-json\/wp\/v2\/pages\/46","targetHints":{"allow":["GET"]}}],"collection":[{"href":"https:\/\/kompac.pl\/index.php\/wp-json\/wp\/v2\/pages"}],"about":[{"href":"https:\/\/kompac.pl\/index.php\/wp-json\/wp\/v2\/types\/page"}],"author":[{"embeddable":true,"href":"https:\/\/kompac.pl\/index.php\/wp-json\/wp\/v2\/users\/1"}],"replies":[{"embeddable":true,"href":"https:\/\/kompac.pl\/index.php\/wp-json\/wp\/v2\/comments?post=46"}],"version-history":[{"count":13,"href":"https:\/\/kompac.pl\/index.php\/wp-json\/wp\/v2\/pages\/46\/revisions"}],"predecessor-version":[{"id":148,"href":"https:\/\/kompac.pl\/index.php\/wp-json\/wp\/v2\/pages\/46\/revisions\/148"}],"wp:attachment":[{"href":"https:\/\/kompac.pl\/index.php\/wp-json\/wp\/v2\/media?parent=46"}],"curies":[{"name":"wp","href":"https:\/\/api.w.org\/{rel}","templated":true}]}}